{"id":77,"date":"2014-05-01T10:22:10","date_gmt":"2014-05-01T09:22:10","guid":{"rendered":"http:\/\/lesmeury.ch\/?page_id=77"},"modified":"2023-03-23T17:59:51","modified_gmt":"2023-03-23T16:59:51","slug":"definition","status":"publish","type":"page","link":"https:\/\/lesmeury.ch\/?page_id=77","title":{"rendered":"D\u00e9finition"},"content":{"rendered":"<p style=\"text-align: center;\"><span style=\"color: #333399;\"><strong>\u00a0D\u00e9finition de la kin\u00e9siologie<\/strong><\/span><\/p>\n<p><span style=\"color: #000080;\">Du grec \u00ab\u00a0kinesis\u00a0\u00bb (mouvement) et \u00ab\u00a0logia\u00a0\u00bb (th\u00e9orie signifiant science, discours).<\/span><\/p>\n<p><span style=\"color: #000080;\">Etymologiquement, kin\u00e9siologie signifie: Etude du mouvement<\/span><\/p>\n<p><span style=\"color: #000080;\">La kin\u00e9siologie regroupe un ensemble de m\u00e9thodes th\u00e9rapeutiques douces contribuant \u00e0 l&rsquo;am\u00e9lioration de notre quotidien, aussi bien sur le plan physique, \u00e9motionnel, mental ou \u00e9nerg\u00e9tique. Les techniques utilis\u00e9es ont pour point commun le test-musculaire. Celui-ci permet au kin\u00e9siologue d&rsquo;appr\u00e9cier la tonicit\u00e9 de certains muscles et d&rsquo;obtenir ainsi de pr\u00e9cieuses informations sur le fonctionnement du client. Il pourra apporter des corrections ad\u00e9quates et aider ainsi le client \u00e0 trouver les r\u00e9ponses \u00e0 ses questions et reprendre la pleine responsabilit\u00e9 de sa gu\u00e9rison.<\/span><\/p>\n<p><span style=\"color: #000080;\">La kin\u00e9siologie peut apporter des r\u00e9ponses \u00e0 tout \u00e2ge, qu&rsquo;on soit enfant, adolescent ou adulte et offre une palette tr\u00e8s vari\u00e9e d&rsquo;applications. Elle peut \u00eatre consid\u00e9r\u00e9e comme une th\u00e9rapie holistique \u00e0 part enti\u00e8re ou comme soutien \u00e0 d&rsquo;autres d\u00e9marches visant \u00e0 am\u00e9liorer sa sant\u00e9.<\/span><\/p>\n<p><span style=\"color: #000080;\">L&rsquo;essence m\u00eame de la kin\u00e9siologie, en tant qu&rsquo;approche holistique, se base sur le principe fondamental de l&rsquo;autor\u00e9gulation du corps. Il existe une \u00e9nergie de sant\u00e9 inn\u00e9e qui ex\u00e9cute \u00e0 chaque instant de multiples op\u00e9rations pour maintenir le corps en \u00e9tat de survie et d&rsquo;\u00e9quilibre, mais il faut quelque fois l&rsquo;aider \u00e0 se maintenir dans ce principe.<\/span><\/p>\n<p><span style=\"color: #000080;\">Toutes les informations obtenues sur les causes de la probl\u00e9matique et le fonctionnement de la personne au travers de diff\u00e9rentes m\u00e9thodes, sont des informations que la personne est pr\u00eate \u00e0 entendre et \u00e0 g\u00e9rer.<\/span><\/p>\n<p><span style=\"color: #000080;\">Voici quelques-unes des principales m\u00e9thodes: Kin\u00e9siologie Appliqu\u00e9e, Sant\u00e9 par le toucher, Kin\u00e9siologie Educative, 3 Concepts en 1, Educating Alternatives, Hyperton-X, Physiologie Appliqu\u00e9e.<\/span><\/p>\n<p><span style=\"color: #000080;\"><span style=\"text-decoration: underline;\"><b>Code d&rsquo;\u00e9thique:\u00a0 un kin\u00e9siologue<\/b><\/span><\/span><\/p>\n<p><span style=\"color: #000080;\">* Utilise le mod\u00e8le \u00e9ducatif<\/span><\/p>\n<p><span style=\"color: #000080;\">* Ne diagnostique pas, ni ne prescrit ou traite sans \u00eatre autoris\u00e9 \u00e0 le faire<\/span><\/p>\n<p><span style=\"color: #000080;\">* Croit en l&rsquo;autor\u00e9gulation de l&rsquo;\u00e9nergie de vie<\/span><\/p>\n<p><span style=\"color: #000080;\">* Se voit comme un facilitateur seulement en \u00e9duquant comme il se doit<\/span><\/p>\n<p><span style=\"color: #000080;\">* Facilite la participation consciente et le d\u00e9veloppement de la personne<\/span><\/p>\n<p><span style=\"color: #000080;\">* Participe aux s\u00e9minaires concernant les standards requis et continue son \u00e9ducation et son d\u00e9veloppement.<\/span><\/p>\n<p><span style=\"color: #000080;\">* Est professionnel dans ses relations avec ses coll\u00e8gues et ses clients<\/span><\/p>\n<p><span style=\"color: #000080;\">* Respecte la confidentialit\u00e9<\/span><\/p>\n<p><span style=\"color: #000080;\">* Respecte ses limites et\/ou ses comp\u00e9tences<\/span><\/p>\n<p><span style=\"color: #000080;\">* Se concentre sur le potentiel plut\u00f4t que sur la pathologie<\/span><\/p>\n<p><span style=\"color: #000080;\">* A comme valeur, la qualit\u00e9<\/span><\/p>\n<p><span style=\"color: #000080;\">* Respecte le choix du client<\/span><\/p>\n<p><span style=\"color: #000080;\">* Reconna\u00eet que le test musculaire contient un \u00e9tat de fait et ne remplace ni la pens\u00e9e ni les sentiments<\/span><\/p>\n<p><span style=\"color: #000080;\">* Reconna\u00eet que la responsabilit\u00e9, lors d&rsquo;une \u00e9quilibration, incombe au client<\/span><\/p>\n<p><span style=\"color: #000080;\">* Reconna\u00eet que le test musculaire n&rsquo;est pas une d\u00e9cision, mais un choix \u00e0 inclure dans la prise de d\u00e9cision<\/span><\/p>\n<p><span style=\"color: #000080;\">* N&rsquo;inflige pas de bl\u00e2me ou de culpabilit\u00e9 \u00e0 un client en s\u00e9ance<\/span><\/p>\n<p><span style=\"color: #000080;\">* Croit que les \u00e9nergies de la personne seront \u00e9quilibr\u00e9es et que leur pouvoir d&rsquo;auto-gu\u00e9rison sera activ\u00e9<\/span><\/p>\n<p><span style=\"color: #000080;\">* Accepte d&rsquo;observer les Droits de l&rsquo;Homme en relation avec la foi, le sexe, la religion et les croyances personnelles du client<\/span><\/p>\n<p><span style=\"color: #000080;\">* Accepte de maintenir un haut standard de professionnalisme dans son comportement, sa fa\u00e7on d&rsquo;\u00eatre, son langage, son travail et ses activit\u00e9s financi\u00e8res<\/span><\/p>\n","protected":false},"excerpt":{"rendered":"<p class=\"excerpt\">\u00a0D\u00e9finition de la kin\u00e9siologie Du grec \u00ab\u00a0kinesis\u00a0\u00bb (mouvement) et \u00ab\u00a0logia\u00a0\u00bb (th\u00e9orie signifiant science, discours). Etymologiquement, kin\u00e9siologie signifie: Etude du mouvement La kin\u00e9siologie regroupe un ensemble de m\u00e9thodes th\u00e9rapeutiques douces contribuant \u00e0 l&rsquo;am\u00e9lioration de notre quotidien, aussi bien sur le plan physique, \u00e9motionnel, mental ou \u00e9nerg\u00e9tique. Les techniques utilis\u00e9es ont pour point commun le test-musculaire. Celui-ci permet au kin\u00e9siologue d&rsquo;appr\u00e9cier la&hellip;<\/p>\n<p class=\"more-link-p\"><a class=\"btn btn-default\" href=\"https:\/\/lesmeury.ch\/?page_id=77\">Read more<\/a><\/p>\n","protected":false},"author":2,"featured_media":0,"parent":0,"menu_order":0,"comment_status":"closed","ping_status":"closed","template":"","meta":{"footnotes":""},"class_list":["post-77","page","type-page","status-publish","hentry"],"_links":{"self":[{"href":"https:\/\/lesmeury.ch\/index.php?rest_route=\/wp\/v2\/pages\/77","targetHints":{"allow":["GET"]}}],"collection":[{"href":"https:\/\/lesmeury.ch\/index.php?rest_route=\/wp\/v2\/pages"}],"about":[{"href":"https:\/\/lesmeury.ch\/index.php?rest_route=\/wp\/v2\/types\/page"}],"author":[{"embeddable":true,"href":"https:\/\/lesmeury.ch\/index.php?rest_route=\/wp\/v2\/users\/2"}],"replies":[{"embeddable":true,"href":"https:\/\/lesmeury.ch\/index.php?rest_route=%2Fwp%2Fv2%2Fcomments&post=77"}],"version-history":[{"count":4,"href":"https:\/\/lesmeury.ch\/index.php?rest_route=\/wp\/v2\/pages\/77\/revisions"}],"predecessor-version":[{"id":1834,"href":"https:\/\/lesmeury.ch\/index.php?rest_route=\/wp\/v2\/pages\/77\/revisions\/1834"}],"wp:attachment":[{"href":"https:\/\/lesmeury.ch\/index.php?rest_route=%2Fwp%2Fv2%2Fmedia&parent=77"}],"curies":[{"name":"wp","href":"https:\/\/api.w.org\/{rel}","templated":true}]}}