{"id":67,"date":"2014-05-01T10:01:51","date_gmt":"2014-05-01T09:01:51","guid":{"rendered":"http:\/\/lesmeury.ch\/?page_id=67"},"modified":"2014-09-22T17:21:42","modified_gmt":"2014-09-22T16:21:42","slug":"presentation","status":"publish","type":"page","link":"https:\/\/lesmeury.ch\/?page_id=67","title":{"rendered":"Pr\u00e9sentation"},"content":{"rendered":"<p><a href=\"http:\/\/lesmeury.ch\/wp-content\/uploads\/2014\/09\/Odile-Santorin.jpg\"><img loading=\"lazy\" decoding=\"async\" class=\"alignnone size-medium wp-image-752\" src=\"http:\/\/lesmeury.ch\/wp-content\/uploads\/2014\/09\/Odile-Santorin-215x300.jpg\" alt=\"Odile Santorin\" width=\"215\" height=\"300\" srcset=\"https:\/\/lesmeury.ch\/wp-content\/uploads\/2014\/09\/Odile-Santorin-215x300.jpg 215w, https:\/\/lesmeury.ch\/wp-content\/uploads\/2014\/09\/Odile-Santorin.jpg 575w\" sizes=\"auto, (max-width: 215px) 100vw, 215px\" \/><\/a><\/p>\n<p><span style=\"color: #333399;\"><strong><span style=\"font-size: 14pt;\">Odile Meury &#8211; Husson<\/span><br \/>\n<\/strong><\/span><\/p>\n<p><span style=\"color: #333399;\">N\u00e9e le 21 janvier 1966 \u00e0 Bienne<\/span><\/p>\n<p><span style=\"color: #333399;\">Dipl\u00f4m\u00e9e en kin\u00e9siologie depuis septembre 2007, apr\u00e8s 3 ans d&rsquo;\u00e9tudes au BIK \u00e0 Berne.<\/span><\/p>\n<p><span style=\"color: #333399;\">2007 ouverture de mon propre cabinet \u00e0 Diesse.<\/span><\/p>\n<p><span style=\"color: #333399;\">2008 nouveau cabinet \u00e0 Pr\u00eales.<\/span><\/p>\n<p>&nbsp;<\/p>\n<p>&nbsp;<\/p>\n<p>&nbsp;<\/p>\n<p><span style=\"text-decoration: underline;\"><strong><span style=\"color: #333399; font-size: 14pt; text-decoration: underline;\">Liste des cours suivis pour l&rsquo;acquisition du dipl\u00f4me<\/span><\/strong><\/span><\/p>\n<p>&nbsp;<\/p>\n<p><span style=\"color: #333399;\">\n<table id=\"tablepress-1\" class=\"tablepress tablepress-id-1\">\n<thead>\n<tr class=\"row-1\">\n\t<th class=\"column-1\">Auteur<\/th><th class=\"column-2\">Titres des Manuels \/ Livres<\/th>\n<\/tr>\n<\/thead>\n<tbody class=\"row-striping row-hover\">\n<tr class=\"row-2\">\n\t<td class=\"column-1\">Catherine Cudicio<\/td><td class=\"column-2\">Le grand livre de la PNL<\/td>\n<\/tr>\n<tr class=\"row-3\">\n\t<td class=\"column-1\">Paul &amp; Gail Dennison<\/td><td class=\"column-2\">Brain Gym 1, Support de cours<\/td>\n<\/tr>\n<tr class=\"row-4\">\n\t<td class=\"column-1\">Paul &amp; Gail Dennison<\/td><td class=\"column-2\">Brain Gym 2, Support de cours<\/td>\n<\/tr>\n<tr class=\"row-5\">\n\t<td class=\"column-1\">Paul &amp; Gail Dennison<\/td><td class=\"column-2\">Brain Gym und die Nahsinne Edu-K<\/td>\n<\/tr>\n<tr class=\"row-6\">\n\t<td class=\"column-1\">Paul &amp; Gail Dennison<\/td><td class=\"column-2\">Brain Gym 3 Profil d\u2019organisation du cerveau, paru \u00e0 Caen Le plaisir d\u2019apprendre en 2002<\/td>\n<\/tr>\n<tr class=\"row-7\">\n\t<td class=\"column-1\">John F.Thie<\/td><td class=\"column-2\">Touch for Heahlt 1, support de cours<\/td>\n<\/tr>\n<tr class=\"row-8\">\n\t<td class=\"column-1\">John F.Thie<\/td><td class=\"column-2\">Touch for Heahlt 2<\/td>\n<\/tr>\n<tr class=\"row-9\">\n\t<td class=\"column-1\">John F.Thie<\/td><td class=\"column-2\">Touch for Heahlt 3<\/td>\n<\/tr>\n<tr class=\"row-10\">\n\t<td class=\"column-1\">John F.Thie<\/td><td class=\"column-2\">Touch for Heahlt 4<\/td>\n<\/tr>\n<tr class=\"row-11\">\n\t<td class=\"column-1\">Frank Mahony<\/td><td class=\"column-2\">Hyperton X-F\u00fcsse, Basic 1<\/td>\n<\/tr>\n<tr class=\"row-12\">\n\t<td class=\"column-1\">Frank Mahony<\/td><td class=\"column-2\">Hyperton X, Basic 2<\/td>\n<\/tr>\n<tr class=\"row-13\">\n\t<td class=\"column-1\">Frank Mahony<\/td><td class=\"column-2\">Hyperton X- Advenced 1<\/td>\n<\/tr>\n<tr class=\"row-14\">\n\t<td class=\"column-1\">Frank Mahony<\/td><td class=\"column-2\">Hyperton X- Advenced 2<\/td>\n<\/tr>\n<tr class=\"row-15\">\n\t<td class=\"column-1\">Frank Mahony<\/td><td class=\"column-2\">Hyperton X Aufbaukurs Advanced 3<\/td>\n<\/tr>\n<tr class=\"row-16\">\n\t<td class=\"column-1\">Richard Utt<\/td><td class=\"column-2\">Acuponcture &amp; Applied Physiologie<\/td>\n<\/tr>\n<tr class=\"row-17\">\n\t<td class=\"column-1\">Gordon Stokes et Daniel Whiteside<\/td><td class=\"column-2\">Tools of the trade<\/td>\n<\/tr>\n<tr class=\"row-18\">\n\t<td class=\"column-1\">Gordon Stokes et Daniel Whiteside<\/td><td class=\"column-2\">Basic one Brain<\/td>\n<\/tr>\n<tr class=\"row-19\">\n\t<td class=\"column-1\">Gordon Stokes et Daniel Whiteside<\/td><td class=\"column-2\">Under the Code<\/td>\n<\/tr>\n<tr class=\"row-20\">\n\t<td class=\"column-1\">Gordon Stokes et Daniel Whiteside<\/td><td class=\"column-2\">Advenced one Brain<\/td>\n<\/tr>\n<tr class=\"row-21\">\n\t<td class=\"column-1\">Gordon Stokes et Daniel Whiteside<\/td><td class=\"column-2\">Louder than Words<\/td>\n<\/tr>\n<tr class=\"row-22\">\n\t<td class=\"column-1\">Gordon Stokes et Daniel Whiteside<\/td><td class=\"column-2\">Neurologie Structurelle<\/td>\n<\/tr>\n<tr class=\"row-23\">\n\t<td class=\"column-1\">Richard Utt<\/td><td class=\"column-2\">Muscle Monitoring<\/td>\n<\/tr>\n<tr class=\"row-24\">\n\t<td class=\"column-1\"><\/td><td class=\"column-2\">Attitude with essence \/ Figure 8\u2019s-A.Ph.<\/td>\n<\/tr>\n<tr class=\"row-25\">\n\t<td class=\"column-1\"><\/td><td class=\"column-2\">Can Opener \/ Basket Weaver \u2013 A. Ph.<\/td>\n<\/tr>\n<tr class=\"row-26\">\n\t<td class=\"column-1\"><\/td><td class=\"column-2\">Dyslexie Hologramme  A. Ph.<\/td>\n<\/tr>\n<tr class=\"row-27\">\n\t<td class=\"column-1\">Richard Utt<\/td><td class=\"column-2\">Centrage Pitch \/ Roll \/ YAW \/ Polarit\u00e9 \/ Gaits \/ Cloacals \/ Hyo\u00efde<\/td>\n<\/tr>\n<tr class=\"row-28\">\n\t<td class=\"column-1\">Richard Utt<\/td><td class=\"column-2\">Centrage 2\u00e8me partie<\/td>\n<\/tr>\n<tr class=\"row-29\">\n\t<td class=\"column-1\">Richard Utt<\/td><td class=\"column-2\">Five Houses of Chi A. Ph.<\/td>\n<\/tr>\n<tr class=\"row-30\">\n\t<td class=\"column-1\">Richard Utt<\/td><td class=\"column-2\">Seven Chi Keys<\/td>\n<\/tr>\n<tr class=\"row-31\">\n\t<td class=\"column-1\">Richard Utt<\/td><td class=\"column-2\">The Brain A. Ph.<\/td>\n<\/tr>\n<tr class=\"row-32\">\n\t<td class=\"column-1\">Kerrie Mc Farlane Hugo Tobar<\/td><td class=\"column-2\">Chakra Hologramme 1, syst\u00e8me neural<\/td>\n<\/tr>\n<tr class=\"row-33\">\n\t<td class=\"column-1\">Dr. Charles Krebs<\/td><td class=\"column-2\">Leap Brain int\u00e9gration<\/td>\n<\/tr>\n<tr class=\"row-34\">\n\t<td class=\"column-1\">Richard Utt<\/td><td class=\"column-2\">Acides Amin\u00e9s A. Ph.<\/td>\n<\/tr>\n<tr class=\"row-35\">\n\t<td class=\"column-1\">Richard Utt<\/td><td class=\"column-2\">Tao du sang A. Ph.<\/td>\n<\/tr>\n<tr class=\"row-36\">\n\t<td class=\"column-1\">Richard Utt<\/td><td class=\"column-2\">TMG 1\u00e8re partie<\/td>\n<\/tr>\n<tr class=\"row-37\">\n\t<td class=\"column-1\">Richard Utt<\/td><td class=\"column-2\">TMG 2\u00e8me partie<\/td>\n<\/tr>\n<tr class=\"row-38\">\n\t<td class=\"column-1\"><\/td><td class=\"column-2\">Stress sans stress, introduction \u00e0 la Kin\u00e9siologie<\/td>\n<\/tr>\n<tr class=\"row-39\">\n\t<td class=\"column-1\"><\/td><td class=\"column-2\">Energie Tib\u00e9taine<\/td>\n<\/tr>\n<\/tbody>\n<\/table>\n<!-- #tablepress-1 from cache --><\/span><\/p>\n<p>&nbsp;<\/p>\n<p><span style=\"text-decoration: underline;\"><strong><span style=\"color: #333399; font-size: 14pt; text-decoration: underline;\">Liste des cours \u00ab\u00a0formation continue\u00a0\u00bb<\/span><\/strong><\/span><\/p>\n<p>&nbsp;<\/p>\n<p><span style=\"color: #333399;\">\n<table id=\"tablepress-2\" class=\"tablepress tablepress-id-2\">\n<thead>\n<tr class=\"row-1\">\n\t<th class=\"column-1\">Cours<\/th><th class=\"column-2\">Donn\u00e9 par<\/th><th class=\"column-3\">Ann\u00e9e<\/th>\n<\/tr>\n<\/thead>\n<tbody class=\"row-striping row-hover\">\n<tr class=\"row-2\">\n\t<td class=\"column-1\">Hypnose<\/td><td class=\"column-2\">ASCA<\/td><td class=\"column-3\">2017<\/td>\n<\/tr>\n<tr class=\"row-3\">\n\t<td class=\"column-1\">Aromath\u00e9rapie<\/td><td class=\"column-2\">Pascal Rollier<\/td><td class=\"column-3\">2017<\/td>\n<\/tr>\n<tr class=\"row-4\">\n\t<td class=\"column-1\">Aromath\u00e9rapie<\/td><td class=\"column-2\">Dr. P.-O. Taux<\/td><td class=\"column-3\">2016<\/td>\n<\/tr>\n<tr class=\"row-5\">\n\t<td class=\"column-1\">Aromath\u00e9rapie<\/td><td class=\"column-2\">Pascal Rollier<\/td><td class=\"column-3\">2016<\/td>\n<\/tr>\n<tr class=\"row-6\">\n\t<td class=\"column-1\">Anti-oxydants &amp; Phytonutriments<\/td><td class=\"column-2\">Dr. Gardan<\/td><td class=\"column-3\">2016<\/td>\n<\/tr>\n<tr class=\"row-7\">\n\t<td class=\"column-1\">Hormones &amp; Phytonutriments<\/td><td class=\"column-2\">Dr. Gardan<\/td><td class=\"column-3\">2015<\/td>\n<\/tr>\n<tr class=\"row-8\">\n\t<td class=\"column-1\">Kin\u00e9 Switching<\/td><td class=\"column-2\">Jo\u00ebl Pr\u00e9vost<\/td><td class=\"column-3\">2015<\/td>\n<\/tr>\n<tr class=\"row-9\">\n\t<td class=\"column-1\">Aromath\u00e9rapie<\/td><td class=\"column-2\">Dr. P.-O. Taux<\/td><td class=\"column-3\">2015<\/td>\n<\/tr>\n<tr class=\"row-10\">\n\t<td class=\"column-1\">Soin \u00e0 distance<\/td><td class=\"column-2\">Tiziana Hebeisen<\/td><td class=\"column-3\">2014<\/td>\n<\/tr>\n<tr class=\"row-11\">\n\t<td class=\"column-1\">Energ\u00e9ticienne<\/td><td class=\"column-2\">Tiziana Hebeisen<\/td><td class=\"column-3\">2013<\/td>\n<\/tr>\n<tr class=\"row-12\">\n\t<td class=\"column-1\">Stress Psychologique<\/td><td class=\"column-2\">Phyllis Krystal<\/td><td class=\"column-3\">2013<\/td>\n<\/tr>\n<tr class=\"row-13\">\n\t<td class=\"column-1\">Applied Physiology-Update<\/td><td class=\"column-2\">Jo\u00ebl Pr\u00e9vost &amp; Rita Salis Gross Pr\u00e9vost<\/td><td class=\"column-3\">2012<\/td>\n<\/tr>\n<tr class=\"row-14\">\n\t<td class=\"column-1\">Communications animales<\/td><td class=\"column-2\">Laila Del Monte &amp; Conrad White Eagle<\/td><td class=\"column-3\">2011<\/td>\n<\/tr>\n<tr class=\"row-15\">\n\t<td class=\"column-1\">Massages aux huiles essentielles<\/td><td class=\"column-2\">Jo\u00eblle Theraulaz &amp; Pascal Rollier<\/td><td class=\"column-3\">2011<\/td>\n<\/tr>\n<tr class=\"row-16\">\n\t<td class=\"column-1\">Psychologie<\/td><td class=\"column-2\">Phyllis Krystal<\/td><td class=\"column-3\">2011<\/td>\n<\/tr>\n<tr class=\"row-17\">\n\t<td class=\"column-1\">Buts et visions, stress psychologique<\/td><td class=\"column-2\">Phyllis Krystal<\/td><td class=\"column-3\">2010<\/td>\n<\/tr>\n<tr class=\"row-18\">\n\t<td class=\"column-1\">Communications animales<\/td><td class=\"column-2\">Franziska Matti<\/td><td class=\"column-3\">2010<\/td>\n<\/tr>\n<tr class=\"row-19\">\n\t<td class=\"column-1\">Kin\u00e9siologie Apprentissage<\/td><td class=\"column-2\">Jo\u00ebl Pr\u00e9vost<\/td><td class=\"column-3\">2010<\/td>\n<\/tr>\n<tr class=\"row-20\">\n\t<td class=\"column-1\">Aromath\u00e9rapie 1<\/td><td class=\"column-2\">Daniel Cochard<\/td><td class=\"column-3\">2009<\/td>\n<\/tr>\n<tr class=\"row-21\">\n\t<td class=\"column-1\">Aromath\u00e9rapie 2<\/td><td class=\"column-2\">Daniel Cochard<\/td><td class=\"column-3\">2009<\/td>\n<\/tr>\n<tr class=\"row-22\">\n\t<td class=\"column-1\">Attitudes stressantes<\/td><td class=\"column-2\">Phyllis Krystal<\/td><td class=\"column-3\">2009<\/td>\n<\/tr>\n<tr class=\"row-23\">\n\t<td class=\"column-1\">R\u00e9duction du stress psychologique<\/td><td class=\"column-2\">Phyllis Krystal<\/td><td class=\"column-3\">2009<\/td>\n<\/tr>\n<tr class=\"row-24\">\n\t<td class=\"column-1\">Stress psychologique<\/td><td class=\"column-2\">Phyllis Krystal<\/td><td class=\"column-3\">2009<\/td>\n<\/tr>\n<tr class=\"row-25\">\n\t<td class=\"column-1\">Reiki<\/td><td class=\"column-2\">Ruth Schlatter<\/td><td class=\"column-3\">2003<\/td>\n<\/tr>\n<\/tbody>\n<\/table>\n<!-- #tablepress-2 from cache --><\/span><\/p>\n<p>&nbsp;<\/p>\n<p>&nbsp;<\/p>\n","protected":false},"excerpt":{"rendered":"<p class=\"excerpt\">Odile Meury &#8211; Husson N\u00e9e le 21 janvier 1966 \u00e0 Bienne Dipl\u00f4m\u00e9e en kin\u00e9siologie depuis septembre 2007, apr\u00e8s 3 ans d&rsquo;\u00e9tudes au BIK \u00e0 Berne. 2007 ouverture de mon propre cabinet \u00e0 Diesse. 2008 nouveau cabinet \u00e0 Pr\u00eales. &nbsp; &nbsp; &nbsp; Liste des cours suivis pour l&rsquo;acquisition du dipl\u00f4me &nbsp; &nbsp; Liste des cours \u00ab\u00a0formation continue\u00a0\u00bb &nbsp; &nbsp; &nbsp;<\/p>\n<p class=\"more-link-p\"><a class=\"btn btn-default\" href=\"https:\/\/lesmeury.ch\/?page_id=67\">Read more<\/a><\/p>\n","protected":false},"author":2,"featured_media":0,"parent":0,"menu_order":0,"comment_status":"closed","ping_status":"closed","template":"","meta":{"footnotes":""},"class_list":["post-67","page","type-page","status-publish","hentry"],"_links":{"self":[{"href":"https:\/\/lesmeury.ch\/index.php?rest_route=\/wp\/v2\/pages\/67","targetHints":{"allow":["GET"]}}],"collection":[{"href":"https:\/\/lesmeury.ch\/index.php?rest_route=\/wp\/v2\/pages"}],"about":[{"href":"https:\/\/lesmeury.ch\/index.php?rest_route=\/wp\/v2\/types\/page"}],"author":[{"embeddable":true,"href":"https:\/\/lesmeury.ch\/index.php?rest_route=\/wp\/v2\/users\/2"}],"replies":[{"embeddable":true,"href":"https:\/\/lesmeury.ch\/index.php?rest_route=%2Fwp%2Fv2%2Fcomments&post=67"}],"version-history":[{"count":15,"href":"https:\/\/lesmeury.ch\/index.php?rest_route=\/wp\/v2\/pages\/67\/revisions"}],"predecessor-version":[{"id":753,"href":"https:\/\/lesmeury.ch\/index.php?rest_route=\/wp\/v2\/pages\/67\/revisions\/753"}],"wp:attachment":[{"href":"https:\/\/lesmeury.ch\/index.php?rest_route=%2Fwp%2Fv2%2Fmedia&parent=67"}],"curies":[{"name":"wp","href":"https:\/\/api.w.org\/{rel}","templated":true}]}}