{"id":58,"date":"2014-05-01T09:43:23","date_gmt":"2014-05-01T08:43:23","guid":{"rendered":"http:\/\/lesmeury.ch\/?page_id=58"},"modified":"2016-01-10T14:15:06","modified_gmt":"2016-01-10T13:15:06","slug":"contact","status":"publish","type":"page","link":"https:\/\/lesmeury.ch\/?page_id=58","title":{"rendered":"Contact"},"content":{"rendered":"<p align=\"center\"><span style=\"color: #000099; font-size: x-large;\"> Odile Meury<\/span><\/p>\n<p align=\"center\"><span style=\"color: #000099; font-size: large;\">Kin\u00e9siologue dipl\u00f4m\u00e9e du BIK (Berner Institut Kinesiologie)<\/span><\/p>\n<p align=\"center\"><span style=\"color: #000099; font-size: large;\">La Clef des Champs 6<\/span><\/p>\n<p align=\"center\"><span style=\"color: #000099; font-size: large;\">CH &#8211; 2515 Pr\u00eales<\/span><\/p>\n<p align=\"center\"><span style=\"color: #000099; font-size: large;\">T\u00e9l.\u00a0\u00a0 032 315 26 11<\/span><\/p>\n<p align=\"center\"><span style=\"color: #000099; font-size: large;\">Mobile : 079 356 99 25<\/span><\/p>\n<p align=\"center\"><span style=\"color: #000099; font-size: large;\">e-mail : <a href=\"mailto:odile.kine@lesmeury.ch\">odile.kine@lesmeury.ch<\/a><\/span><\/p>\n<p>&nbsp;<\/p>\n<p align=\"center\"><span style=\"color: #000099;\">Reconnue par les assurances compl\u00e9mentaires, agr\u00e9e ASCA, NVS &amp; EMR, renseignez-vous aupr\u00e8s de votre assurance.<\/span><\/p>\n<p align=\"center\"><span style=\"color: #000099;\"><a href=\"http:\/\/lesmeury.ch\/wp-content\/uploads\/Plan-1.jpg\" target=\"_blank\"><img loading=\"lazy\" decoding=\"async\" class=\"alignnone wp-image-44 size-medium\" src=\"http:\/\/lesmeury.ch\/wp-content\/uploads\/Plan-1-300x220.jpg\" alt=\"Plan 1\" width=\"300\" height=\"220\" srcset=\"https:\/\/lesmeury.ch\/wp-content\/uploads\/Plan-1-300x220.jpg 300w, https:\/\/lesmeury.ch\/wp-content\/uploads\/Plan-1.jpg 591w\" sizes=\"auto, (max-width: 300px) 100vw, 300px\" \/><\/a> \u00a0 \u00a0 \u00a0<a href=\"http:\/\/lesmeury.ch\/wp-content\/uploads\/Plan-2.jpg\" target=\"_blank\"><img loading=\"lazy\" decoding=\"async\" class=\"alignnone wp-image-45 size-medium\" src=\"http:\/\/lesmeury.ch\/wp-content\/uploads\/Plan-2-220x300.jpg\" alt=\"Plan 2\" width=\"220\" height=\"300\" srcset=\"https:\/\/lesmeury.ch\/wp-content\/uploads\/Plan-2-220x300.jpg 220w, https:\/\/lesmeury.ch\/wp-content\/uploads\/Plan-2.jpg 400w\" sizes=\"auto, (max-width: 220px) 100vw, 220px\" \/><\/a> \u00a0\u00a0\u00a0 <\/span><\/p>\n<p align=\"center\"><a href=\"http:\/\/lesmeury.ch\/wp-content\/uploads\/2014\/05\/Contac1.gif\"><img loading=\"lazy\" decoding=\"async\" class=\"alignnone size-full wp-image-297\" src=\"http:\/\/lesmeury.ch\/wp-content\/uploads\/2014\/05\/Contac1.gif\" alt=\"Contac1\" width=\"255\" height=\"86\" \/><\/a><\/p>\n","protected":false},"excerpt":{"rendered":"<p class=\"excerpt\">Odile Meury Kin\u00e9siologue dipl\u00f4m\u00e9e du BIK (Berner Institut Kinesiologie) La Clef des Champs 6 CH &#8211; 2515 Pr\u00eales T\u00e9l.\u00a0\u00a0 032 315 26 11 Mobile : 079 356 99 25 e-mail : odile.kine@lesmeury.ch &nbsp; Reconnue par les assurances compl\u00e9mentaires, agr\u00e9e ASCA, NVS &amp; EMR, renseignez-vous aupr\u00e8s de votre assurance. \u00a0 \u00a0 \u00a0 \u00a0\u00a0\u00a0<\/p>\n<p class=\"more-link-p\"><a class=\"btn btn-default\" href=\"https:\/\/lesmeury.ch\/?page_id=58\">Read more<\/a><\/p>\n","protected":false},"author":2,"featured_media":0,"parent":0,"menu_order":0,"comment_status":"closed","ping_status":"closed","template":"","meta":{"footnotes":""},"class_list":["post-58","page","type-page","status-publish","hentry"],"_links":{"self":[{"href":"https:\/\/lesmeury.ch\/index.php?rest_route=\/wp\/v2\/pages\/58","targetHints":{"allow":["GET"]}}],"collection":[{"href":"https:\/\/lesmeury.ch\/index.php?rest_route=\/wp\/v2\/pages"}],"about":[{"href":"https:\/\/lesmeury.ch\/index.php?rest_route=\/wp\/v2\/types\/page"}],"author":[{"embeddable":true,"href":"https:\/\/lesmeury.ch\/index.php?rest_route=\/wp\/v2\/users\/2"}],"replies":[{"embeddable":true,"href":"https:\/\/lesmeury.ch\/index.php?rest_route=%2Fwp%2Fv2%2Fcomments&post=58"}],"version-history":[{"count":7,"href":"https:\/\/lesmeury.ch\/index.php?rest_route=\/wp\/v2\/pages\/58\/revisions"}],"predecessor-version":[{"id":866,"href":"https:\/\/lesmeury.ch\/index.php?rest_route=\/wp\/v2\/pages\/58\/revisions\/866"}],"wp:attachment":[{"href":"https:\/\/lesmeury.ch\/index.php?rest_route=%2Fwp%2Fv2%2Fmedia&parent=58"}],"curies":[{"name":"wp","href":"https:\/\/api.w.org\/{rel}","templated":true}]}}